{"id":12794,"date":"2022-05-27T14:47:58","date_gmt":"2022-05-27T14:47:58","guid":{"rendered":"https:\/\/torrent.es\/politica-de-cookies\/"},"modified":"2022-06-15T09:37:21","modified_gmt":"2022-06-15T09:37:21","slug":"politica-de-cookies","status":"publish","type":"page","link":"https:\/\/torrent.es\/va\/politica-de-cookies\/","title":{"rendered":"Pol\u00edtica de cookies"},"content":{"rendered":"\n<p>L&#8217;acc\u00e9s a aquest lloc web implica la utilitzaci\u00f3 de cookies per part nostra. En la present pol\u00edtica de cookies indiquem qu\u00e8 s\u00f3n, quin tipus de cookies existeixen i com gestionar la seua instal\u00b7laci\u00f3 per part de l&#8217;usuari.<\/p>\n\n<h3 class=\"wp-block-heading\">Qu\u00e8 s\u00f3n les cookies?<\/h3>\n\n<p>Les cookies s\u00f3n arxius que emmagatzemen i recuperen informaci\u00f3 quan es navega pel lloc web. Poden servir per a finalitats molt diverses, com, per exemple, recon\u00e9ixer a l&#8217;usuari, obtindre informaci\u00f3 sobre els seus h\u00e0bits de navegaci\u00f3, o personalitzar la forma en qu\u00e8 es mostra el contingut. <\/p>\n\n<p>Els usos concrets que fem d&#8217;aquestes tecnologies es descriuen en la present pol\u00edtica de cookies. <\/p>\n\n<p>Existeixen diferents tipus de cookies segons a qui pertanguen, per a qu\u00e8 serveixen aqueixes cookies i durant quant temps romanen en el dispositiu de l&#8217;usuari i que es resumeixen a continuaci\u00f3:<\/p>\n\n<p>Entre els tipus de cookies en funci\u00f3 de qui pertanyen existeixen:<\/p>\n\n<ol class=\"wp-block-list\"><li><strong>Cookies pr\u00f2pies<\/strong>: s\u00f3n les que envia al dispositiu o navegador de l&#8217;usuari el propi titular de la web. <\/li><li><strong>Cookies de tercers:<\/strong> s\u00f3n les que s&#8217;envien al dispositiu de l&#8217;usuari per terceres entitats i s\u00f3n gestionades per aquestes terceres entitats.<\/li><\/ol>\n<p>En la taula disposada en el seg\u00fcent apartat, les cookies de tercers s\u00f3n aquelles el prove\u00efdor de les quals no \u00e9s el titular de la web sin\u00f3 les entitats indicades en la pr\u00f2pia taula. <\/p>\n\n<p>Entre els tipus de cookies en funci\u00f3 de per a qu\u00e8 serveixen existeixen:<\/p>\n\n<ol class=\"wp-block-list\"><li><strong>Cookies t\u00e8cniques:<\/strong> s\u00f3n les que permeten que l&#8217;usuari puga navegar correctament pel lloc web i accedir correctament a tots els seus apartats. I garanteixen, per exemple, la seguretat del lloc web, entre altres coses. <\/li><\/ol>\n<p>Aquestes cookies no requereixen que l&#8217;usuari consenta la seua instal\u00b7laci\u00f3, perqu\u00e8 no les utilitzem amb finalitats publicitaris sin\u00f3 perqu\u00e8 el lloc web funcione correctament. <\/p>\n\n<ol class=\"wp-block-list\" start=\"2\"><li><strong>Cookies de prefer\u00e8ncies o personalitzaci\u00f3:<\/strong>s\u00f3n les que permeten recordar prefer\u00e8ncies de l&#8217;usuari en el lloc web com, per exemple, l&#8217;idioma, en funci\u00f3 de la regi\u00f3 des de la qual s&#8217;accedeix al servei. O el nombre de resultats a mostrar quan l&#8217;usuari realitza una cerca. Aquestes cookies tampoc requereixen el consentiment de l&#8217;usuari si \u00e9s el propi usuari qui tria aqueixes caracter\u00edstiques (per exemple, si selecciona l&#8217;idioma d&#8217;un lloc web clicant en la icona de la bandera del pa\u00eds corresponent), en considerar-se un servei expressament sol\u00b7licitat per l&#8217;usuari, i aix\u00f2 sempre que les cookies obe\u00efsquen exclusivament a la finalitat seleccionada.<\/li><li><strong>Cookies d&#8217;an\u00e0lisis o mesurament:<\/strong>s\u00f3n les que permeten analitzar el comportament de l&#8217;usuari en el lloc web, aix\u00ed permeten con\u00e9ixer quins continguts li resulten m\u00e9s interessants i fer que l&#8217;usuari trobe m\u00e9s f\u00e0cilment el que cerca. Tamb\u00e9 analitzen el nivell de recurr\u00e8ncia dels visitants, \u00e9s a dir, si tornen al lloc web per a poder millorar les \u00e0rees m\u00e9s visitades. <\/li><\/ol>\n<p>Encara que \u00e9s poc probable que aquestes cookies impliquen riscos per a la privacitat de l&#8217;usuari, perqu\u00e8 solen utilitzar-se sobre dades agregades (que no identifiquen a l&#8217;usuari) i amb finalitats estad\u00edstiques, l&#8217;actual normativa s\u00ed que exigeix sol\u00b7licitar el consentiment de l&#8217;usuari per a poder instal\u00b7lar-se en el seu dispositiu i\/o navegador. <\/p>\n\n<ol class=\"wp-block-list\" start=\"4\"><li><strong>Cookies de publicitat comportamental:<\/strong> s\u00f3n les que emmagatzemen informaci\u00f3 de l&#8217;usuari a partir del seguiment dels seus h\u00e0bits de navegaci\u00f3. La qual cosa permet mostrar-li publicitat sobre els seus interessos tant del titular del lloc web com de tercers.<\/li><\/ol>\n<p>La instal\u00b7laci\u00f3 d&#8217;aquestes cookies en el dispositiu o navegador de l&#8217;usuari, requereix del seu consentiment. <\/p>\n\n<p>I entre els tipus de cookies en funci\u00f3 de la seua duraci\u00f3 o temps que romanen en el dispositiu o navegador de l&#8217;usuari, existeixen:<\/p>\n\n<ol class=\"wp-block-list\"><li><strong>Cookies de sessi\u00f3:<\/strong> s\u00f3n les que desapareixen del navegador o dispositiu de l&#8217;usuari en acabar la seua sessi\u00f3 o tancar el lloc web.<\/li><li><strong>Cookies persistents:<\/strong>s\u00f3n les que no desapareixen quan es tanca la sessi\u00f3 i la seua duraci\u00f3 poden ser des de minuts a diversos anys, en funci\u00f3 de com estiguen configurades. <\/li><\/ol>\n<h3 class=\"wp-block-heading\">Quin tipus de cookies s&#8217;utilitzen en aquest lloc web?<\/h3>\n\n<p>En la seg\u00fcent taula s&#8217;indiquen les cookies que s&#8217;utilitzen en el present lloc web. <\/p>\n\n<p>Aquelles cookies que no estiguen indicades com de tipus t\u00e8cniques o de personalitzaci\u00f3, nom\u00e9s s&#8217;instal\u00b7laran en el navegador o dispositiu de l&#8217;usuari en cas que les accepte en pr\u00e9mer el bot\u00f3 \u201caccepte\u201d en el b\u00e0ner que apareix en entrar al lloc web per primera vegada o sobre la base de la configuraci\u00f3 de prefer\u00e8ncies per la qual opte, en el seu cas.<\/p>\n\n<figure class=\"wp-block-table\"><table><tbody><tr><td><strong>Cookies<\/strong><\/td><td><strong>Temps d&#8217;expiraci\u00f3<\/strong><\/td><td><strong>Prove\u00efdor si la cookie \u00e9s de tercers<\/strong><\/td><td><strong>Tipus i descripci\u00f3<\/strong><\/td><\/tr><tr><td>swpm_session<\/td><td>sessi\u00f3<\/td><td>cohaerentis.com<\/td><td>T\u00e8cnica: Per a acc\u00e9s a la zona privada<\/td><\/tr><tr><td>wpgdprc-consent-1<\/td><td>2 anys<\/td><td>cohaerentis.com<\/td><td>T\u00e8cnica: Cookie del plugin de wordpress per a control de consentiment de cookies<\/td><\/tr><tr><td>_ga<\/td><td>2 anys<\/td><td>google.com<\/td><td>An\u00e0lisi: Utilitza dades estad\u00edstiques sobre com utilitza el visitant el lloc web mitjan\u00e7ant un identificador \u00fanic <a href=\"https:\/\/support.google.com\/analytics\/answer\/6004245?hl=es\" target=\"_blank\" rel=\"noopener\">https:\/\/support.google.com\/analytics\/answer\/6004245?hl=es<\/a><\/td><\/tr><tr><td>_gat<\/td><td>1 dia<\/td><td>google.com<\/td><td>An\u00e0lisi: Limita el nombre de sol\u00b7licituds. <a href=\"https:\/\/support.google.com\/analytics\/answer\/6004245?hl=es\" target=\"_blank\" rel=\"noopener\">https:\/\/support.google.com\/analytics\/answer\/6004245?hl=es<\/a><\/td><\/tr><tr><td>_gid<\/td><td>1 dia<\/td><td>google.com<\/td><td>An\u00e1lisis: Genera datos estad\u00edsticos para saber c\u00f3mo utiliza el visitante el sitio web mediante un identificador \u00fanico <a href=\"https:\/\/support.google.com\/analytics\/answer\/6004245?hl=es\" target=\"_blank\" rel=\"noopener\">https:\/\/support.google.com\/analytics\/answer\/6004245?hl=es<\/a><\/td><\/tr><\/tbody><\/table><\/figure>\n<h3 class=\"wp-block-heading\">Acceptaci\u00f3, denegaci\u00f3, revocaci\u00f3 del consentiment o eliminat de les cookies<\/h3>\n\n<p>El consentiment s&#8217;atorga per al lloc web cohaerentis.com i tots els seus subdominis. <\/p>\n\n<p>Una vegada configurades les cookies per part de l&#8217;usuari o si les ha acceptades totes mitjan\u00e7ant el corresponent bot\u00f3 d&#8217;acceptaci\u00f3, si l&#8217;usuari vol eliminar les cookies amb posterioritat pot fer-lo des del bot\u00f3 de configuraci\u00f3 que podr\u00e0 estar accessible en la web, tant a l&#8217;inici de la pol\u00edtica de cookies com de la pol\u00edtica de privacitat. Tamb\u00e9 podr\u00e0 eliminar-les del navegador. mitjan\u00e7ant la configuraci\u00f3 de les opcions del navegador:<\/p>\n\n<p>Firefox: <a href=\"https:\/\/support.mozilla.org\/es\/kb\/habilitar-y-deshabilitar-cookies-sitios-web-rastrear-preferencias?redirectlocale=es&amp;redirectslug=habilitar-y-deshabilitar-cookies-que-los-sitios-we\" target=\"_blank\" rel=\"noopener\">https:\/\/support.mozilla.org\/es\/kb\/habilitar-y-deshabilitar-cookies-sitios-web-rastrear-preferencias?redirectlocale=es&amp;redirectslug=habilitar-y-deshabilitar-cookies-que-los-sitios-we<\/a><\/p>\n\n<p>Chrome: <a href=\"https:\/\/support.google.com\/accounts\/answer\/61416?hl=es\" target=\"_blank\" rel=\"noopener\">https:\/\/support.google.com\/accounts\/answer\/61416?hl=es<\/a><\/p>\n\n<p>Explorer: <a href=\"https:\/\/support.microsoft.com\/es-es\/help\/17442\/windows-internet-explorer-dele\" target=\"_blank\" rel=\"noopener\">https:\/\/support.microsoft.com\/es-es\/help\/17442\/windows-internet-explorer-dele<\/a><\/p>\n\n<p>Safari: <a href=\"https:\/\/support.apple.com\/es-es\/guide\/safari\/sfri11471\/mac\" target=\"_blank\" rel=\"noopener\">https:\/\/support.apple.com\/es-es\/guide\/safari\/sfri11471\/mac<\/a><\/p>\n\n<p>Opera: <a href=\"https:\/\/help.opera.com\/Windows\/11.50\/es-ES\/cookies.html\" target=\"_blank\" rel=\"noopener\">https:\/\/help.opera.com\/Windows\/11.50\/es-ES\/cookies.html<\/a><\/p>\n\n<h3 class=\"wp-block-heading\">Transfer\u00e8ncies internacionals de dades<\/h3>\n\n<p>L&#8217;usuari pot informar-se de les transfer\u00e8ncies a tercers pa\u00efsos que, en el seu cas, realitzen els tercers identificats en aquesta pol\u00edtica de cookies en els seus corresponents pol\u00edtiques. Per a aix\u00f2 pot revisar els enlla\u00e7os facilitats en la taula de cookies de l&#8217;anterior apartat. <\/p>\n\n<h3 class=\"wp-block-heading\">Informaci\u00f3 addicional<\/h3>\n\n<p>Per a m\u00e9s informaci\u00f3 en relaci\u00f3 al tractament de dades de car\u00e0cter personal i l&#8217;exercici de drets, pot consultar-se la <a href=\"https:\/\/torrentjove.detiendas.es\/aviso-legal\/#politica_de_privacidad\" target=\"_blank\" rel=\"noopener\">pol\u00edtica de privacitat<\/a> del lloc web.<\/p>\n","protected":false},"excerpt":{"rendered":"<p>L&#8217;acc\u00e9s a aquest lloc web implica la utilitzaci\u00f3 de cookies per part nostra. En la present pol\u00edtica de cookies indiquem qu\u00e8 s\u00f3n, quin tipus de cookies existeixen i com gestionar [&hellip;]<\/p>\n","protected":false},"author":1,"featured_media":0,"parent":0,"menu_order":0,"comment_status":"closed","ping_status":"closed","template":"","meta":{"footnotes":""},"class_list":["post-12794","page","type-page","status-publish","hentry"],"acf":[],"rankMath":{"parentDomain":"torrent.es","noFollowDomains":[],"noFollowExcludeDomains":[],"noFollowExternalLinks":false,"featuredImageNotice":"The featured image should be at least 200 by 200 pixels to be picked up by Facebook and other social media sites.","pluginReviewed":false,"postSettings":{"linkSuggestions":true,"useFocusKeyword":false},"frontEndScore":false,"postName":"politica-de-cookies","permalinkFormat":"https:\/\/torrent.es\/va\/%pagename%\/","showLockModifiedDate":true,"assessor":{"focusKeywordLink":"https:\/\/torrent.es\/wp-admin\/edit.php?focus_keyword=%focus_keyword%&post_type=%post_type%","hasTOCPlugin":true,"primaryTaxonomy":false,"serpData":{"title":"","description":"","focusKeywords":"","pillarContent":false,"canonicalUrl":"","breadcrumbTitle":"","advancedRobots":[],"facebookTitle":"","facebookDescription":"","facebookImage":"","facebookImageID":"","facebookHasOverlay":false,"facebookImageOverlay":"","facebookAuthor":"","twitterCardType":"","twitterUseFacebook":true,"twitterTitle":"","twitterDescription":"","twitterImage":"","twitterImageID":"","twitterHasOverlay":false,"twitterImageOverlay":"","twitterPlayerUrl":"","twitterPlayerSize":"","twitterPlayerStream":"","twitterPlayerStreamCtype":"","twitterAppDescription":"","twitterAppIphoneName":"","twitterAppIphoneID":"","twitterAppIphoneUrl":"","twitterAppIpadName":"","twitterAppIpadID":"","twitterAppIpadUrl":"","twitterAppGoogleplayName":"","twitterAppGoogleplayID":"","twitterAppGoogleplayUrl":"","twitterAppCountry":"","robots":{"index":true},"twitterAuthor":"username","primaryTerm":0,"authorName":"Emarketers","titleTemplate":"%title% %sep% %sitename%","descriptionTemplate":"%excerpt%","showScoreFrontend":true,"lockModifiedDate":false},"powerWords":[],"diacritics":{"A":"[\\u0041\\u24B6\\uFF21\\u00C0\\u00C1\\u00C2\\u1EA6\\u1EA4\\u1EAA\\u1EA8\\u00C3\\u0100\\u0102\\u1EB0\\u1EAE\\u1EB4\\u1EB2\\u0226\\u01E0\\u00C4\\u01DE\\u1EA2\\u00C5\\u01FA\\u01CD\\u0200\\u0202\\u1EA0\\u1EAC\\u1EB6\\u1E00\\u0104\\u023A\\u2C6F]","AA":"[\\uA732]","AE":"[\\u00C6\\u01FC\\u01E2]","AO":"[\\uA734]","AU":"[\\uA736]","AV":"[\\uA738\\uA73A]","AY":"[\\uA73C]","B":"[\\u0042\\u24B7\\uFF22\\u1E02\\u1E04\\u1E06\\u0243\\u0182\\u0181]","C":"[\\u0043\\u24B8\\uFF23\\u0106\\u0108\\u010A\\u010C\\u00C7\\u1E08\\u0187\\u023B\\uA73E]","D":"[\\u0044\\u24B9\\uFF24\\u1E0A\\u010E\\u1E0C\\u1E10\\u1E12\\u1E0E\\u0110\\u018B\\u018A\\u0189\\uA779]","DZ":"[\\u01F1\\u01C4]","Dz":"[\\u01F2\\u01C5]","E":"[\\u0045\\u24BA\\uFF25\\u00C8\\u00C9\\u00CA\\u1EC0\\u1EBE\\u1EC4\\u1EC2\\u1EBC\\u0112\\u1E14\\u1E16\\u0114\\u0116\\u00CB\\u1EBA\\u011A\\u0204\\u0206\\u1EB8\\u1EC6\\u0228\\u1E1C\\u0118\\u1E18\\u1E1A\\u0190\\u018E]","F":"[\\u0046\\u24BB\\uFF26\\u1E1E\\u0191\\uA77B]","G":"[\\u0047\\u24BC\\uFF27\\u01F4\\u011C\\u1E20\\u011E\\u0120\\u01E6\\u0122\\u01E4\\u0193\\uA7A0\\uA77D\\uA77E]","H":"[\\u0048\\u24BD\\uFF28\\u0124\\u1E22\\u1E26\\u021E\\u1E24\\u1E28\\u1E2A\\u0126\\u2C67\\u2C75\\uA78D]","I":"[\\u0049\\u24BE\\uFF29\\u00CC\\u00CD\\u00CE\\u0128\\u012A\\u012C\\u0130\\u00CF\\u1E2E\\u1EC8\\u01CF\\u0208\\u020A\\u1ECA\\u012E\\u1E2C\\u0197]","J":"[\\u004A\\u24BF\\uFF2A\\u0134\\u0248]","K":"[\\u004B\\u24C0\\uFF2B\\u1E30\\u01E8\\u1E32\\u0136\\u1E34\\u0198\\u2C69\\uA740\\uA742\\uA744\\uA7A2]","L":"[\\u004C\\u24C1\\uFF2C\\u013F\\u0139\\u013D\\u1E36\\u1E38\\u013B\\u1E3C\\u1E3A\\u0141\\u023D\\u2C62\\u2C60\\uA748\\uA746\\uA780]","LJ":"[\\u01C7]","Lj":"[\\u01C8]","M":"[\\u004D\\u24C2\\uFF2D\\u1E3E\\u1E40\\u1E42\\u2C6E\\u019C]","N":"[\\u004E\\u24C3\\uFF2E\\u01F8\\u0143\\u00D1\\u1E44\\u0147\\u1E46\\u0145\\u1E4A\\u1E48\\u0220\\u019D\\uA790\\uA7A4]","NJ":"[\\u01CA]","Nj":"[\\u01CB]","O":"[\\u004F\\u24C4\\uFF2F\\u00D2\\u00D3\\u00D4\\u1ED2\\u1ED0\\u1ED6\\u1ED4\\u00D5\\u1E4C\\u022C\\u1E4E\\u014C\\u1E50\\u1E52\\u014E\\u022E\\u0230\\u00D6\\u022A\\u1ECE\\u0150\\u01D1\\u020C\\u020E\\u01A0\\u1EDC\\u1EDA\\u1EE0\\u1EDE\\u1EE2\\u1ECC\\u1ED8\\u01EA\\u01EC\\u00D8\\u01FE\\u0186\\u019F\\uA74A\\uA74C]","OI":"[\\u01A2]","OO":"[\\uA74E]","OU":"[\\u0222]","P":"[\\u0050\\u24C5\\uFF30\\u1E54\\u1E56\\u01A4\\u2C63\\uA750\\uA752\\uA754]","Q":"[\\u0051\\u24C6\\uFF31\\uA756\\uA758\\u024A]","R":"[\\u0052\\u24C7\\uFF32\\u0154\\u1E58\\u0158\\u0210\\u0212\\u1E5A\\u1E5C\\u0156\\u1E5E\\u024C\\u2C64\\uA75A\\uA7A6\\uA782]","S":"[\\u0053\\u24C8\\uFF33\\u1E9E\\u015A\\u1E64\\u015C\\u1E60\\u0160\\u1E66\\u1E62\\u1E68\\u0218\\u015E\\u2C7E\\uA7A8\\uA784]","T":"[\\u0054\\u24C9\\uFF34\\u1E6A\\u0164\\u1E6C\\u021A\\u0162\\u1E70\\u1E6E\\u0166\\u01AC\\u01AE\\u023E\\uA786]","TZ":"[\\uA728]","U":"[\\u0055\\u24CA\\uFF35\\u00D9\\u00DA\\u00DB\\u0168\\u1E78\\u016A\\u1E7A\\u016C\\u00DC\\u01DB\\u01D7\\u01D5\\u01D9\\u1EE6\\u016E\\u0170\\u01D3\\u0214\\u0216\\u01AF\\u1EEA\\u1EE8\\u1EEE\\u1EEC\\u1EF0\\u1EE4\\u1E72\\u0172\\u1E76\\u1E74\\u0244]","V":"[\\u0056\\u24CB\\uFF36\\u1E7C\\u1E7E\\u01B2\\uA75E\\u0245]","VY":"[\\uA760]","W":"[\\u0057\\u24CC\\uFF37\\u1E80\\u1E82\\u0174\\u1E86\\u1E84\\u1E88\\u2C72]","X":"[\\u0058\\u24CD\\uFF38\\u1E8A\\u1E8C]","Y":"[\\u0059\\u24CE\\uFF39\\u1EF2\\u00DD\\u0176\\u1EF8\\u0232\\u1E8E\\u0178\\u1EF6\\u1EF4\\u01B3\\u024E\\u1EFE]","Z":"[\\u005A\\u24CF\\uFF3A\\u0179\\u1E90\\u017B\\u017D\\u1E92\\u1E94\\u01B5\\u0224\\u2C7F\\u2C6B\\uA762]","a":"[\\u0061\\u24D0\\uFF41\\u1E9A\\u00E0\\u00E1\\u00E2\\u1EA7\\u1EA5\\u1EAB\\u1EA9\\u00E3\\u0101\\u0103\\u1EB1\\u1EAF\\u1EB5\\u1EB3\\u0227\\u01E1\\u00E4\\u01DF\\u1EA3\\u00E5\\u01FB\\u01CE\\u0201\\u0203\\u1EA1\\u1EAD\\u1EB7\\u1E01\\u0105\\u2C65\\u0250]","aa":"[\\uA733]","ae":"[\\u00E6\\u01FD\\u01E3]","ao":"[\\uA735]","au":"[\\uA737]","av":"[\\uA739\\uA73B]","ay":"[\\uA73D]","b":"[\\u0062\\u24D1\\uFF42\\u1E03\\u1E05\\u1E07\\u0180\\u0183\\u0253]","c":"[\\u0063\\u24D2\\uFF43\\u0107\\u0109\\u010B\\u010D\\u00E7\\u1E09\\u0188\\u023C\\uA73F\\u2184]","d":"[\\u0064\\u24D3\\uFF44\\u1E0B\\u010F\\u1E0D\\u1E11\\u1E13\\u1E0F\\u0111\\u018C\\u0256\\u0257\\uA77A]","dz":"[\\u01F3\\u01C6]","e":"[\\u0065\\u24D4\\uFF45\\u00E8\\u00E9\\u00EA\\u1EC1\\u1EBF\\u1EC5\\u1EC3\\u1EBD\\u0113\\u1E15\\u1E17\\u0115\\u0117\\u00EB\\u1EBB\\u011B\\u0205\\u0207\\u1EB9\\u1EC7\\u0229\\u1E1D\\u0119\\u1E19\\u1E1B\\u0247\\u025B\\u01DD]","f":"[\\u0066\\u24D5\\uFF46\\u1E1F\\u0192\\uA77C]","g":"[\\u0067\\u24D6\\uFF47\\u01F5\\u011D\\u1E21\\u011F\\u0121\\u01E7\\u0123\\u01E5\\u0260\\uA7A1\\u1D79\\uA77F]","h":"[\\u0068\\u24D7\\uFF48\\u0125\\u1E23\\u1E27\\u021F\\u1E25\\u1E29\\u1E2B\\u1E96\\u0127\\u2C68\\u2C76\\u0265]","hv":"[\\u0195]","i":"[\\u0069\\u24D8\\uFF49\\u00EC\\u00ED\\u00EE\\u0129\\u012B\\u012D\\u00EF\\u1E2F\\u1EC9\\u01D0\\u0209\\u020B\\u1ECB\\u012F\\u1E2D\\u0268\\u0131]","j":"[\\u006A\\u24D9\\uFF4A\\u0135\\u01F0\\u0249]","k":"[\\u006B\\u24DA\\uFF4B\\u1E31\\u01E9\\u1E33\\u0137\\u1E35\\u0199\\u2C6A\\uA741\\uA743\\uA745\\uA7A3]","l":"[\\u006C\\u24DB\\uFF4C\\u0140\\u013A\\u013E\\u1E37\\u1E39\\u013C\\u1E3D\\u1E3B\\u017F\\u0142\\u019A\\u026B\\u2C61\\uA749\\uA781\\uA747]","lj":"[\\u01C9]","m":"[\\u006D\\u24DC\\uFF4D\\u1E3F\\u1E41\\u1E43\\u0271\\u026F]","n":"[\\u006E\\u24DD\\uFF4E\\u01F9\\u0144\\u00F1\\u1E45\\u0148\\u1E47\\u0146\\u1E4B\\u1E49\\u019E\\u0272\\u0149\\uA791\\uA7A5]","nj":"[\\u01CC]","o":"[\\u006F\\u24DE\\uFF4F\\u00F2\\u00F3\\u00F4\\u1ED3\\u1ED1\\u1ED7\\u1ED5\\u00F5\\u1E4D\\u022D\\u1E4F\\u014D\\u1E51\\u1E53\\u014F\\u022F\\u0231\\u00F6\\u022B\\u1ECF\\u0151\\u01D2\\u020D\\u020F\\u01A1\\u1EDD\\u1EDB\\u1EE1\\u1EDF\\u1EE3\\u1ECD\\u1ED9\\u01EB\\u01ED\\u00F8\\u01FF\\u0254\\uA74B\\uA74D\\u0275]","oi":"[\\u01A3]","ou":"[\\u0223]","oo":"[\\uA74F]","p":"[\\u0070\\u24DF\\uFF50\\u1E55\\u1E57\\u01A5\\u1D7D\\uA751\\uA753\\uA755]","q":"[\\u0071\\u24E0\\uFF51\\u024B\\uA757\\uA759]","r":"[\\u0072\\u24E1\\uFF52\\u0155\\u1E59\\u0159\\u0211\\u0213\\u1E5B\\u1E5D\\u0157\\u1E5F\\u024D\\u027D\\uA75B\\uA7A7\\uA783]","s":"[\\u0073\\u24E2\\uFF53\\u015B\\u1E65\\u015D\\u1E61\\u0161\\u1E67\\u1E63\\u1E69\\u0219\\u015F\\u023F\\uA7A9\\uA785\\u1E9B]","ss":"[\\u00DF]","t":"[\\u0074\\u24E3\\uFF54\\u1E6B\\u1E97\\u0165\\u1E6D\\u021B\\u0163\\u1E71\\u1E6F\\u0167\\u01AD\\u0288\\u2C66\\uA787]","tz":"[\\uA729]","u":"[\\u0075\\u24E4\\uFF55\\u00F9\\u00FA\\u00FB\\u0169\\u1E79\\u016B\\u1E7B\\u016D\\u00FC\\u01DC\\u01D8\\u01D6\\u01DA\\u1EE7\\u016F\\u0171\\u01D4\\u0215\\u0217\\u01B0\\u1EEB\\u1EE9\\u1EEF\\u1EED\\u1EF1\\u1EE5\\u1E73\\u0173\\u1E77\\u1E75\\u0289]","v":"[\\u0076\\u24E5\\uFF56\\u1E7D\\u1E7F\\u028B\\uA75F\\u028C]","vy":"[\\uA761]","w":"[\\u0077\\u24E6\\uFF57\\u1E81\\u1E83\\u0175\\u1E87\\u1E85\\u1E98\\u1E89\\u2C73]","x":"[\\u0078\\u24E7\\uFF58\\u1E8B\\u1E8D]","y":"[\\u0079\\u24E8\\uFF59\\u1EF3\\u00FD\\u0177\\u1EF9\\u0233\\u1E8F\\u00FF\\u1EF7\\u1E99\\u1EF5\\u01B4\\u024F\\u1EFF]","z":"[\\u007A\\u24E9\\uFF5A\\u017A\\u1E91\\u017C\\u017E\\u1E93\\u1E95\\u01B6\\u0225\\u0240\\u2C6C\\uA763]"},"researchesTests":["contentHasTOC","contentHasShortParagraphs","contentHasAssets","keywordInTitle","keywordInMetaDescription","keywordInPermalink","keywordIn10Percent","keywordInContent","keywordInSubheadings","keywordInImageAlt","keywordDensity","keywordNotUsed","lengthContent","lengthPermalink","linksHasInternal","linksHasExternals","linksNotAllExternals","titleStartWithKeyword","titleSentiment","titleHasPowerWords","titleHasNumber","hasContentAI"],"hasRedirection":false,"hasBreadcrumb":false},"homeUrl":"https:\/\/torrent.es\/va\/","objectID":12794,"objectType":"post","locale":"ca","localeFull":"ca_ES","overlayImages":{"play":{"name":"Play icon","url":"https:\/\/torrent.es\/wp-content\/plugins\/seo-by-rank-math\/assets\/admin\/img\/icon-play.png","path":"\/var\/www\/vhosts\/torrent.es\/httpdocs\/wp-content\/plugins\/seo-by-rank-math\/assets\/admin\/img\/icon-play.png","position":"middle_center"},"gif":{"name":"GIF icon","url":"https:\/\/torrent.es\/wp-content\/plugins\/seo-by-rank-math\/assets\/admin\/img\/icon-gif.png","path":"\/var\/www\/vhosts\/torrent.es\/httpdocs\/wp-content\/plugins\/seo-by-rank-math\/assets\/admin\/img\/icon-gif.png","position":"middle_center"}},"defautOgImage":"https:\/\/torrent.es\/wp-content\/plugins\/seo-by-rank-math\/assets\/admin\/img\/social-placeholder.jpg","customPermalinks":true,"isUserRegistered":false,"autoSuggestKeywords":false,"connectSiteUrl":"https:\/\/rankmath.com\/auth?site=https%3A%2F%2Ftorrent.es%2Fva%2F&r=https%3A%2F%2Ftorrent.es%2Fva%2Fwp-json%2Fwp%2Fv2%2Fpages%2F12794%3Fnonce%3Ddd976057f8","maxTags":5,"trendsIcon":"<svg viewBox=\"0 0 610 610\"><path d=\"M18.85,446,174.32,290.48l58.08,58.08L76.93,504a14.54,14.54,0,0,1-20.55,0L18.83,466.48a14.54,14.54,0,0,1,0-20.55Z\" style=\"fill:#4285f4\"\/><path d=\"M242.65,242.66,377.59,377.6l-47.75,47.75a14.54,14.54,0,0,1-20.55,0L174.37,290.43l47.75-47.75A14.52,14.52,0,0,1,242.65,242.66Z\" style=\"fill:#ea4335\"\/><polygon points=\"319.53 319.53 479.26 159.8 537.34 217.88 377.61 377.62 319.53 319.53\" style=\"fill:#fabb05\"\/><path d=\"M594.26,262.73V118.61h0a16.94,16.94,0,0,0-16.94-16.94H433.2a16.94,16.94,0,0,0-12,28.92L565.34,274.71h0a16.94,16.94,0,0,0,28.92-12Z\" style=\"fill:#34a853\"\/><rect width=\"610\" height=\"610\" style=\"fill:none\"\/><\/svg>","showScore":true,"siteFavIcon":"https:\/\/torrent.es\/wp-content\/uploads\/2022\/06\/cropped-Torren-logotipo-1-32x32.png","canUser":{"general":false,"advanced":false,"snippet":false,"social":false,"analysis":false,"analytics":false,"content_ai":false},"isPro":false,"is_front_page":false,"trendsUpgradeLink":"https:\/\/rankmath.com\/pricing\/?utm_source=Plugin&utm_medium=CE%20General%20Tab%20Trends&utm_campaign=WP","trendsUpgradeLabel":"Upgrade","trendsPreviewImage":"https:\/\/torrent.es\/wp-content\/plugins\/seo-by-rank-math\/assets\/admin\/img\/trends-preview.jpg","currentEditor":false,"homepageData":{"assessor":{"powerWords":[],"diacritics":true,"researchesTests":["contentHasTOC","contentHasShortParagraphs","contentHasAssets","keywordInTitle","keywordInMetaDescription","keywordInPermalink","keywordIn10Percent","keywordInContent","keywordInSubheadings","keywordInImageAlt","keywordDensity","keywordNotUsed","lengthContent","lengthPermalink","linksHasInternal","linksHasExternals","linksNotAllExternals","titleStartWithKeyword","titleSentiment","titleHasPowerWords","titleHasNumber","hasContentAI"],"hasBreadcrumb":false,"serpData":{"title":"%sitename% %page% %sep% %sitedesc%","description":"","titleTemplate":"%sitename% %page% %sep% %sitedesc%","descriptionTemplate":"","focusKeywords":"","breadcrumbTitle":"Home","robots":{"index":true},"advancedRobots":[],"facebookTitle":"","facebookDescription":"","facebookImage":"","facebookImageID":""}}},"tocTitle":"Table of Contents","tocExcludeHeadings":[],"listStyle":"ul"},"_links":{"self":[{"href":"https:\/\/torrent.es\/va\/wp-json\/wp\/v2\/pages\/12794","targetHints":{"allow":["GET"]}}],"collection":[{"href":"https:\/\/torrent.es\/va\/wp-json\/wp\/v2\/pages"}],"about":[{"href":"https:\/\/torrent.es\/va\/wp-json\/wp\/v2\/types\/page"}],"author":[{"embeddable":true,"href":"https:\/\/torrent.es\/va\/wp-json\/wp\/v2\/users\/1"}],"replies":[{"embeddable":true,"href":"https:\/\/torrent.es\/va\/wp-json\/wp\/v2\/comments?post=12794"}],"version-history":[{"count":0,"href":"https:\/\/torrent.es\/va\/wp-json\/wp\/v2\/pages\/12794\/revisions"}],"wp:attachment":[{"href":"https:\/\/torrent.es\/va\/wp-json\/wp\/v2\/media?parent=12794"}],"curies":[{"name":"wp","href":"https:\/\/api.w.org\/{rel}","templated":true}]}}