{"id":12671,"date":"2022-05-26T10:21:04","date_gmt":"2022-05-26T10:21:04","guid":{"rendered":"https:\/\/torrent.es\/avis-legal\/"},"modified":"2022-07-11T07:35:20","modified_gmt":"2022-07-11T07:35:20","slug":"avis-legal","status":"publish","type":"page","link":"https:\/\/torrent.es\/va\/avis-legal\/","title":{"rendered":"Av\u00eds legal"},"content":{"rendered":"\n<h2 class=\"wp-block-heading\">CONDICIONS D&#8217;ACC\u00c9S i \u00daS DEL PORTAL WEB<br><\/h2>\n\n\n\n<p>Tot acc\u00e9s a este lloc web i l&#8217;\u00fas de la informaci\u00f3 que hi cont\u00e9, implica l&#8217;acceptaci\u00f3 de les condicions d&#8217;\u00fas seg\u00fcents:<\/p>\n\n\n\n<p>1. Utilitzaci\u00f3 de la informaci\u00f3 continguda en el lloc<\/p>\n\n\n\n<p>L&#8217;Ajuntament de Torrent a trav\u00e9s del domini torrent.es facilita la consulta lliure i gratu\u00efta d&#8217;informaci\u00f3 d&#8217;inter\u00e9s general de la ciutat de Torrent i en particular informaci\u00f3 i gestions pr\u00f2pies de l&#8217;administraci\u00f3 municipal. Nom\u00e9s n&#8217;est\u00e0 autoritzat l&#8217;\u00fas personal i no comercial. No s&#8217;autoritza la c\u00f2pia, reproducci\u00f3, transmissi\u00f3, distribuci\u00f3 o modificaci\u00f3 del lloc o dels continguts.<\/p>\n\n\n\n<p>La informaci\u00f3 proporcionada en este lloc t\u00e9 car\u00e0cter merament orientatiu o informatiu, \u00e9s a dir, no t\u00e9 validesa jur\u00eddica i en cap cas podr\u00e0 ser vinculant per a la resoluci\u00f3 dels procediments administratius, que es trobar\u00e0 subjecta exclusivament a la normativa que els siga aplicable. Per a fins jur\u00eddics, hauran de consultar-se els textos publicats en els butlletins i diaris oficials o sol\u00b7licitar-se a l&#8217;Ajuntament.<\/p>\n\n\n\n<p>L&#8217;acc\u00e9s al lloc, aix\u00ed com l&#8217;\u00fas que puga fer-se de la informaci\u00f3 que cont\u00e9, s\u00f3n de l&#8217;exclusiva responsabilitat de l&#8217;usuari. L&#8217;Ajuntament de Torrent no es responsabilitzar\u00e0 de cap conseq\u00fc\u00e8ncia, dany o perju\u00ed que pogueren derivar-se d&#8217;este acc\u00e9s o \u00fas d&#8217;informaci\u00f3, a excepci\u00f3 de totes aquelles actuacions que resulten de l&#8217;aplicaci\u00f3 de les disposicions legals a qu\u00e8 haja de sotmetre&#8217;s en l&#8217;estricte exercici de les seues compet\u00e8ncies.<\/p>\n\n\n\n<p>2. Qualitat de la informaci\u00f3 i continguts<\/p>\n\n\n\n<p>L&#8217;Ajuntament de Torrent no garantix l&#8217;exactitud, veracitat o integritat dels continguts d&#8217;este lloc web, ni se&#8217;n responsabilitza de l&#8217;acc\u00e9s ni de l&#8217;\u00fas. No obstant aix\u00f2, far\u00e0 els esfor\u00e7os necessaris per a evitar errors i, si \u00e9s el cas, corregir-los o actualitzar-los com m\u00e9s prompte millor, ja que no pot garantir que no n&#8217;hi haja ni que el contingut de la informaci\u00f3 es trobe permanentment actualitzat.<\/p>\n\n\n\n<p>L&#8217;Ajuntament de Torrent podr\u00e0 efectuar, en qualsevol moment i sense necessitat d&#8217;av\u00eds previ, modificacions i actualitzacions sobre la informaci\u00f3 continguda en el seu lloc web o en la seua configuraci\u00f3 o presentaci\u00f3.<\/p>\n\n\n\n<p>Les llistes que es puguen publicar en este lloc web i que continguen dades de car\u00e0cter personal s&#8217;ajusten a la legislaci\u00f3 actual de protecci\u00f3 de dades. Estes llistes no constitu\u00efxen una font d&#8217;acc\u00e9s p\u00fablic i no podran ser reprodu\u00efdes ni totalment ni parcialment, ni transmeses ni registrades per cap sistema de recuperaci\u00f3 d&#8217;informaci\u00f3, sense el consentiment dels afectats.<\/p>\n\n\n\n<p>3. Disponibilitat de la informaci\u00f3<\/p>\n\n\n\n<p>L&#8217;Ajuntament de Torrent no pot garantir plenament el funcionament de la xarxa de comunicacions i per tant no assumix cap responsabilitat sobre la disponibilitat del seu servidor. El servidor podr\u00e0 ser desconnectat sense av\u00eds previ. Es faran tots els esfor\u00e7os perqu\u00e8 l&#8217;impacte per tasques de manteniment siga el m\u00ednim possible. L&#8217;Ajuntament de Torrent no es responsabilitza de cap dany o perju\u00ed patit per l&#8217;usuari que es derive de l&#8217;acc\u00e9s a este lloc web o de l&#8217;\u00fas d&#8217;informaci\u00f3 o aplicacions que hi cont\u00e9.<\/p>\n\n\n\n<p>4. Pol\u00edtica de privacitat<\/p>\n\n\n\n<p>La privacitat d&#8217;este lloc web es basa en:<\/p>\n\n\n\n<p>\u2022 Se sol\u00b7licitaran exclusivament les dades imprescindibles per a poder proporcionar-li els servicis del portal web.<\/p>\n\n\n\n<p>\u2022 Autom\u00e0ticament s&#8217;obtindr\u00e0 exclusivament informaci\u00f3 t\u00e8cnica, i ser\u00e0 la m\u00ednima imprescindible per a donar-li un bon servici. Quan visite este lloc web, el seu navegador pot emmagatzemar informaci\u00f3 t\u00e8cnica en el seu ordinador: l&#8217;\u00fas de galetes (cookies) no proporciona cap informaci\u00f3 personal, ni informaci\u00f3 sobre el seu ordinador, nom\u00e9s estan destinades a ajudar-li a estalviar temps quan torne a visitar-nos, a seleccionar el full d&#8217;estil m\u00e9s adequat i que la visualitzaci\u00f3 del lloc web siga correcta, aix\u00ed com l&#8217;idioma i el joc de car\u00e0cters del seu navegador amb el mateix motiu (per exemple, perqu\u00e8 es vegen b\u00e9 els accents). Tamb\u00e9 podr\u00e0 ajudar-nos en la millora del disseny del nostre lloc web i per a obtenir estad\u00edstiques (en concret, con\u00e9ixer el nombre de \u201cvisitants \u00fanics\u201d que t\u00e9 la nostra web).<\/p>\n\n\n\n<p>\u2022 Les dades de car\u00e0cter personal que ens facilite es tractaran d&#8217;acord amb all\u00f2 que establix la <strong>Llei Org\u00e0nica 3\/2018, de 5 de desembre, de protecci\u00f3 de dades personals i garantia dels drets digitals<\/strong> i la resta de normativa d&#8217;aplicaci\u00f3. S&#8217;inclouran en fitxers titularitat de l&#8217;Ajuntament de Torrent que s&#8217;utilitzaran per a fins municipals i per als espec\u00edfics que vost\u00e9 haja sol\u00b7licitat. Les dades no se cediran a cap tercer, excepte per obligacions legals i a altres administracions p\u00fabliques que siguen les destinat\u00e0ries del tractament. Els drets d&#8217;acc\u00e9s, rectificaci\u00f3, cancel\u00b7laci\u00f3 i oposici\u00f3 podr\u00e0 exercir-los contactant amb nosaltres a trav\u00e9s de correu electr\u00f2nic en l&#8217;adre\u00e7a <a href=\"mailto:info@torrent.es\">info@torrent.es<\/a>, per mitj\u00e0 de fax al n\u00famero 961111873, o per mitj\u00e0 de correu ordinari o venint a l&#8217;Ajuntament de Torrent, c\/ Ram\u00f3n y Cajal, 1 &#8211; 46900 Torrent. Segons el tipus de dret que ens sol\u00b7licite li podrem requerir que aporte una fotoc\u00f2pia del document nacional d&#8217;identitat o equivalent.<\/p>\n\n\n\n<p>5. Propietat intel\u00b7lectual i industrial<\/p>\n\n\n\n<p>Els drets de propietat intel\u00b7lectual i industrial d&#8217;este lloc d&#8217;internet, el disseny gr\u00e0fic, els codis que cont\u00e9, les marques o signes distintius de qualsevol classe i tots els continguts, inclosos els textos, imatges, \u00e0udio i qualssevol altres materials, s\u00f3n propietat de l&#8217;Ajuntament de Torrent o de tercers que n&#8217;hagen autoritzat l&#8217;\u00fas a l&#8217;Ajuntament de Torrent, llevat que s&#8217;indique expressament la lliure disponibilitat.<\/p>\n\n\n\n<p>La reproducci\u00f3, distribuci\u00f3, comercialitzaci\u00f3 o transformaci\u00f3 no autoritzades d&#8217;estes obres constitu\u00efx una infracci\u00f3 dels drets de propietat intel\u00b7lectual de l&#8217;Ajuntament de Torrent o d&#8217;aquell que en siga titular.<\/p>\n\n\n\n<p>La utilitzaci\u00f3 no autoritzada de la informaci\u00f3 continguda en este lloc, aix\u00ed com els perju\u00eds que podrien ocasionar-se en els drets de propietat intel\u00b7lectual i industrial de l&#8217;Ajuntament de Torrent poden donar lloc a l&#8217;exercici de les accions que legalment corresponguen i, si pertoca, a les responsabilitats que se&#8217;n deriven.<\/p>\n\n\n\n<p>6. Establiments de hiperenlla\u00e7os<\/p>\n\n\n\n<p>Hiperenlla\u00e7os del lloc a altres p\u00e0gines web: en este lloc web s&#8217;han incl\u00f2s enlla\u00e7os a p\u00e0gines d&#8217;Internet de tercers (links), que s&#8217;han considerat d&#8217;inter\u00e9s per als usuaris. No obstant aix\u00f2, l&#8217;Ajuntament de Torrent no assumix cap responsabilitat derivada de la connexi\u00f3 o continguts dels enlla\u00e7os de tercers a qu\u00e8 es fa refer\u00e8ncia en el lloc.<\/p>\n\n\n\n<p>Hiperenlla\u00e7os des d&#8217;altres p\u00e0gines d&#8217;Internet al lloc: els usuaris que es proposen establir un hiperenlla\u00e7 entre la seua p\u00e0gina web i la de l&#8217;Ajuntament de Torrent hauran de tindre en compte el seg\u00fcent:<\/p>\n\n\n\n<p>1. L&#8217;establiment de l&#8217;hiperenlla\u00e7 no implica en cap cas que hi haja relaci\u00f3 entre l&#8217;Ajuntament de Torrent i el propietari de la p\u00e0gina web en qu\u00e8 s&#8217;establisca, ni l&#8217;acceptaci\u00f3 i aprovaci\u00f3 per part de l&#8217;Ajuntament de Torrent dels seus continguts o servicis. Per tant, no s&#8217;ha de declarar ni donar a entendre que l&#8217;Ajuntament de Torrent ha autoritzat expressament l&#8217;hiperenlla\u00e7 ni que ha supervisat o assumit els servicis oferits o disponibles en la p\u00e0gina web des de la qual s&#8217;establix l&#8217;hiperenlla\u00e7.<\/p>\n\n\n\n<p>2. L&#8217;Ajuntament de Torrent no es responsabilitza de cap manera ni garantix la qualitat, exactitud, fiabilitat, correcci\u00f3 o moralitat de continguts o servicis que l&#8217;establiment de l&#8217;hiperenlla\u00e7 puga oferir. L&#8217;usuari assumix davall la seua exclusiva responsabilitat les conseq\u00fc\u00e8ncies, danys o accions que podrien derivar-se de l&#8217;acc\u00e9s a la p\u00e0gina web de l&#8217;hiperenlla\u00e7.<\/p>\n\n\n\n<p>3. La p\u00e0gina web en qu\u00e8 s&#8217;establisca l&#8217;hiperenlla\u00e7 no podr\u00e0 contindre cap marca, denominaci\u00f3, logotip, esl\u00f2gan o altres signes distintius pertanyents a l&#8217;Ajuntament de Torrent, excepte aquells signes que formen part del mateix hiperenlla\u00e7.<\/p>\n\n\n\n<p>4. La p\u00e0gina web en qu\u00e8 s&#8217;establisca l&#8217;hiperenlla\u00e7 no ha de contindre informacions amb continguts il\u00b7l\u00edcits, contraris a la moral i als bons costums generalment acceptats i a l&#8217;orde p\u00fablic, aix\u00ed com tampoc ha de contindre continguts contraris a qualssevol drets de tercers.<\/p>\n","protected":false},"excerpt":{"rendered":"<p>CONDICIONS D&#8217;ACC\u00c9S i \u00daS DEL PORTAL WEB Tot acc\u00e9s a este lloc web i l&#8217;\u00fas de la informaci\u00f3 que hi cont\u00e9, implica l&#8217;acceptaci\u00f3 de les condicions d&#8217;\u00fas seg\u00fcents: 1. Utilitzaci\u00f3 [&hellip;]<\/p>\n","protected":false},"author":1,"featured_media":0,"parent":0,"menu_order":0,"comment_status":"closed","ping_status":"closed","template":"","meta":{"footnotes":""},"class_list":["post-12671","page","type-page","status-publish","hentry"],"acf":[],"rankMath":{"parentDomain":"torrent.es","noFollowDomains":[],"noFollowExcludeDomains":[],"noFollowExternalLinks":false,"featuredImageNotice":"The featured image should be at least 200 by 200 pixels to be picked up by Facebook and other social media sites.","pluginReviewed":false,"postSettings":{"linkSuggestions":true,"useFocusKeyword":false},"frontEndScore":false,"postName":"avis-legal","permalinkFormat":"https:\/\/torrent.es\/va\/%pagename%\/","showLockModifiedDate":true,"assessor":{"focusKeywordLink":"https:\/\/torrent.es\/wp-admin\/edit.php?focus_keyword=%focus_keyword%&post_type=%post_type%","hasTOCPlugin":true,"primaryTaxonomy":false,"serpData":{"title":"","description":"","focusKeywords":"","pillarContent":false,"canonicalUrl":"","breadcrumbTitle":"","advancedRobots":[],"facebookTitle":"","facebookDescription":"","facebookImage":"","facebookImageID":"","facebookHasOverlay":false,"facebookImageOverlay":"","facebookAuthor":"","twitterCardType":"","twitterUseFacebook":true,"twitterTitle":"","twitterDescription":"","twitterImage":"","twitterImageID":"","twitterHasOverlay":false,"twitterImageOverlay":"","twitterPlayerUrl":"","twitterPlayerSize":"","twitterPlayerStream":"","twitterPlayerStreamCtype":"","twitterAppDescription":"","twitterAppIphoneName":"","twitterAppIphoneID":"","twitterAppIphoneUrl":"","twitterAppIpadName":"","twitterAppIpadID":"","twitterAppIpadUrl":"","twitterAppGoogleplayName":"","twitterAppGoogleplayID":"","twitterAppGoogleplayUrl":"","twitterAppCountry":"","robots":{"index":true},"twitterAuthor":"username","primaryTerm":0,"authorName":"Emarketers","titleTemplate":"%title% %sep% %sitename%","descriptionTemplate":"%excerpt%","showScoreFrontend":true,"lockModifiedDate":false},"powerWords":[],"diacritics":{"A":"[\\u0041\\u24B6\\uFF21\\u00C0\\u00C1\\u00C2\\u1EA6\\u1EA4\\u1EAA\\u1EA8\\u00C3\\u0100\\u0102\\u1EB0\\u1EAE\\u1EB4\\u1EB2\\u0226\\u01E0\\u00C4\\u01DE\\u1EA2\\u00C5\\u01FA\\u01CD\\u0200\\u0202\\u1EA0\\u1EAC\\u1EB6\\u1E00\\u0104\\u023A\\u2C6F]","AA":"[\\uA732]","AE":"[\\u00C6\\u01FC\\u01E2]","AO":"[\\uA734]","AU":"[\\uA736]","AV":"[\\uA738\\uA73A]","AY":"[\\uA73C]","B":"[\\u0042\\u24B7\\uFF22\\u1E02\\u1E04\\u1E06\\u0243\\u0182\\u0181]","C":"[\\u0043\\u24B8\\uFF23\\u0106\\u0108\\u010A\\u010C\\u00C7\\u1E08\\u0187\\u023B\\uA73E]","D":"[\\u0044\\u24B9\\uFF24\\u1E0A\\u010E\\u1E0C\\u1E10\\u1E12\\u1E0E\\u0110\\u018B\\u018A\\u0189\\uA779]","DZ":"[\\u01F1\\u01C4]","Dz":"[\\u01F2\\u01C5]","E":"[\\u0045\\u24BA\\uFF25\\u00C8\\u00C9\\u00CA\\u1EC0\\u1EBE\\u1EC4\\u1EC2\\u1EBC\\u0112\\u1E14\\u1E16\\u0114\\u0116\\u00CB\\u1EBA\\u011A\\u0204\\u0206\\u1EB8\\u1EC6\\u0228\\u1E1C\\u0118\\u1E18\\u1E1A\\u0190\\u018E]","F":"[\\u0046\\u24BB\\uFF26\\u1E1E\\u0191\\uA77B]","G":"[\\u0047\\u24BC\\uFF27\\u01F4\\u011C\\u1E20\\u011E\\u0120\\u01E6\\u0122\\u01E4\\u0193\\uA7A0\\uA77D\\uA77E]","H":"[\\u0048\\u24BD\\uFF28\\u0124\\u1E22\\u1E26\\u021E\\u1E24\\u1E28\\u1E2A\\u0126\\u2C67\\u2C75\\uA78D]","I":"[\\u0049\\u24BE\\uFF29\\u00CC\\u00CD\\u00CE\\u0128\\u012A\\u012C\\u0130\\u00CF\\u1E2E\\u1EC8\\u01CF\\u0208\\u020A\\u1ECA\\u012E\\u1E2C\\u0197]","J":"[\\u004A\\u24BF\\uFF2A\\u0134\\u0248]","K":"[\\u004B\\u24C0\\uFF2B\\u1E30\\u01E8\\u1E32\\u0136\\u1E34\\u0198\\u2C69\\uA740\\uA742\\uA744\\uA7A2]","L":"[\\u004C\\u24C1\\uFF2C\\u013F\\u0139\\u013D\\u1E36\\u1E38\\u013B\\u1E3C\\u1E3A\\u0141\\u023D\\u2C62\\u2C60\\uA748\\uA746\\uA780]","LJ":"[\\u01C7]","Lj":"[\\u01C8]","M":"[\\u004D\\u24C2\\uFF2D\\u1E3E\\u1E40\\u1E42\\u2C6E\\u019C]","N":"[\\u004E\\u24C3\\uFF2E\\u01F8\\u0143\\u00D1\\u1E44\\u0147\\u1E46\\u0145\\u1E4A\\u1E48\\u0220\\u019D\\uA790\\uA7A4]","NJ":"[\\u01CA]","Nj":"[\\u01CB]","O":"[\\u004F\\u24C4\\uFF2F\\u00D2\\u00D3\\u00D4\\u1ED2\\u1ED0\\u1ED6\\u1ED4\\u00D5\\u1E4C\\u022C\\u1E4E\\u014C\\u1E50\\u1E52\\u014E\\u022E\\u0230\\u00D6\\u022A\\u1ECE\\u0150\\u01D1\\u020C\\u020E\\u01A0\\u1EDC\\u1EDA\\u1EE0\\u1EDE\\u1EE2\\u1ECC\\u1ED8\\u01EA\\u01EC\\u00D8\\u01FE\\u0186\\u019F\\uA74A\\uA74C]","OI":"[\\u01A2]","OO":"[\\uA74E]","OU":"[\\u0222]","P":"[\\u0050\\u24C5\\uFF30\\u1E54\\u1E56\\u01A4\\u2C63\\uA750\\uA752\\uA754]","Q":"[\\u0051\\u24C6\\uFF31\\uA756\\uA758\\u024A]","R":"[\\u0052\\u24C7\\uFF32\\u0154\\u1E58\\u0158\\u0210\\u0212\\u1E5A\\u1E5C\\u0156\\u1E5E\\u024C\\u2C64\\uA75A\\uA7A6\\uA782]","S":"[\\u0053\\u24C8\\uFF33\\u1E9E\\u015A\\u1E64\\u015C\\u1E60\\u0160\\u1E66\\u1E62\\u1E68\\u0218\\u015E\\u2C7E\\uA7A8\\uA784]","T":"[\\u0054\\u24C9\\uFF34\\u1E6A\\u0164\\u1E6C\\u021A\\u0162\\u1E70\\u1E6E\\u0166\\u01AC\\u01AE\\u023E\\uA786]","TZ":"[\\uA728]","U":"[\\u0055\\u24CA\\uFF35\\u00D9\\u00DA\\u00DB\\u0168\\u1E78\\u016A\\u1E7A\\u016C\\u00DC\\u01DB\\u01D7\\u01D5\\u01D9\\u1EE6\\u016E\\u0170\\u01D3\\u0214\\u0216\\u01AF\\u1EEA\\u1EE8\\u1EEE\\u1EEC\\u1EF0\\u1EE4\\u1E72\\u0172\\u1E76\\u1E74\\u0244]","V":"[\\u0056\\u24CB\\uFF36\\u1E7C\\u1E7E\\u01B2\\uA75E\\u0245]","VY":"[\\uA760]","W":"[\\u0057\\u24CC\\uFF37\\u1E80\\u1E82\\u0174\\u1E86\\u1E84\\u1E88\\u2C72]","X":"[\\u0058\\u24CD\\uFF38\\u1E8A\\u1E8C]","Y":"[\\u0059\\u24CE\\uFF39\\u1EF2\\u00DD\\u0176\\u1EF8\\u0232\\u1E8E\\u0178\\u1EF6\\u1EF4\\u01B3\\u024E\\u1EFE]","Z":"[\\u005A\\u24CF\\uFF3A\\u0179\\u1E90\\u017B\\u017D\\u1E92\\u1E94\\u01B5\\u0224\\u2C7F\\u2C6B\\uA762]","a":"[\\u0061\\u24D0\\uFF41\\u1E9A\\u00E0\\u00E1\\u00E2\\u1EA7\\u1EA5\\u1EAB\\u1EA9\\u00E3\\u0101\\u0103\\u1EB1\\u1EAF\\u1EB5\\u1EB3\\u0227\\u01E1\\u00E4\\u01DF\\u1EA3\\u00E5\\u01FB\\u01CE\\u0201\\u0203\\u1EA1\\u1EAD\\u1EB7\\u1E01\\u0105\\u2C65\\u0250]","aa":"[\\uA733]","ae":"[\\u00E6\\u01FD\\u01E3]","ao":"[\\uA735]","au":"[\\uA737]","av":"[\\uA739\\uA73B]","ay":"[\\uA73D]","b":"[\\u0062\\u24D1\\uFF42\\u1E03\\u1E05\\u1E07\\u0180\\u0183\\u0253]","c":"[\\u0063\\u24D2\\uFF43\\u0107\\u0109\\u010B\\u010D\\u00E7\\u1E09\\u0188\\u023C\\uA73F\\u2184]","d":"[\\u0064\\u24D3\\uFF44\\u1E0B\\u010F\\u1E0D\\u1E11\\u1E13\\u1E0F\\u0111\\u018C\\u0256\\u0257\\uA77A]","dz":"[\\u01F3\\u01C6]","e":"[\\u0065\\u24D4\\uFF45\\u00E8\\u00E9\\u00EA\\u1EC1\\u1EBF\\u1EC5\\u1EC3\\u1EBD\\u0113\\u1E15\\u1E17\\u0115\\u0117\\u00EB\\u1EBB\\u011B\\u0205\\u0207\\u1EB9\\u1EC7\\u0229\\u1E1D\\u0119\\u1E19\\u1E1B\\u0247\\u025B\\u01DD]","f":"[\\u0066\\u24D5\\uFF46\\u1E1F\\u0192\\uA77C]","g":"[\\u0067\\u24D6\\uFF47\\u01F5\\u011D\\u1E21\\u011F\\u0121\\u01E7\\u0123\\u01E5\\u0260\\uA7A1\\u1D79\\uA77F]","h":"[\\u0068\\u24D7\\uFF48\\u0125\\u1E23\\u1E27\\u021F\\u1E25\\u1E29\\u1E2B\\u1E96\\u0127\\u2C68\\u2C76\\u0265]","hv":"[\\u0195]","i":"[\\u0069\\u24D8\\uFF49\\u00EC\\u00ED\\u00EE\\u0129\\u012B\\u012D\\u00EF\\u1E2F\\u1EC9\\u01D0\\u0209\\u020B\\u1ECB\\u012F\\u1E2D\\u0268\\u0131]","j":"[\\u006A\\u24D9\\uFF4A\\u0135\\u01F0\\u0249]","k":"[\\u006B\\u24DA\\uFF4B\\u1E31\\u01E9\\u1E33\\u0137\\u1E35\\u0199\\u2C6A\\uA741\\uA743\\uA745\\uA7A3]","l":"[\\u006C\\u24DB\\uFF4C\\u0140\\u013A\\u013E\\u1E37\\u1E39\\u013C\\u1E3D\\u1E3B\\u017F\\u0142\\u019A\\u026B\\u2C61\\uA749\\uA781\\uA747]","lj":"[\\u01C9]","m":"[\\u006D\\u24DC\\uFF4D\\u1E3F\\u1E41\\u1E43\\u0271\\u026F]","n":"[\\u006E\\u24DD\\uFF4E\\u01F9\\u0144\\u00F1\\u1E45\\u0148\\u1E47\\u0146\\u1E4B\\u1E49\\u019E\\u0272\\u0149\\uA791\\uA7A5]","nj":"[\\u01CC]","o":"[\\u006F\\u24DE\\uFF4F\\u00F2\\u00F3\\u00F4\\u1ED3\\u1ED1\\u1ED7\\u1ED5\\u00F5\\u1E4D\\u022D\\u1E4F\\u014D\\u1E51\\u1E53\\u014F\\u022F\\u0231\\u00F6\\u022B\\u1ECF\\u0151\\u01D2\\u020D\\u020F\\u01A1\\u1EDD\\u1EDB\\u1EE1\\u1EDF\\u1EE3\\u1ECD\\u1ED9\\u01EB\\u01ED\\u00F8\\u01FF\\u0254\\uA74B\\uA74D\\u0275]","oi":"[\\u01A3]","ou":"[\\u0223]","oo":"[\\uA74F]","p":"[\\u0070\\u24DF\\uFF50\\u1E55\\u1E57\\u01A5\\u1D7D\\uA751\\uA753\\uA755]","q":"[\\u0071\\u24E0\\uFF51\\u024B\\uA757\\uA759]","r":"[\\u0072\\u24E1\\uFF52\\u0155\\u1E59\\u0159\\u0211\\u0213\\u1E5B\\u1E5D\\u0157\\u1E5F\\u024D\\u027D\\uA75B\\uA7A7\\uA783]","s":"[\\u0073\\u24E2\\uFF53\\u015B\\u1E65\\u015D\\u1E61\\u0161\\u1E67\\u1E63\\u1E69\\u0219\\u015F\\u023F\\uA7A9\\uA785\\u1E9B]","ss":"[\\u00DF]","t":"[\\u0074\\u24E3\\uFF54\\u1E6B\\u1E97\\u0165\\u1E6D\\u021B\\u0163\\u1E71\\u1E6F\\u0167\\u01AD\\u0288\\u2C66\\uA787]","tz":"[\\uA729]","u":"[\\u0075\\u24E4\\uFF55\\u00F9\\u00FA\\u00FB\\u0169\\u1E79\\u016B\\u1E7B\\u016D\\u00FC\\u01DC\\u01D8\\u01D6\\u01DA\\u1EE7\\u016F\\u0171\\u01D4\\u0215\\u0217\\u01B0\\u1EEB\\u1EE9\\u1EEF\\u1EED\\u1EF1\\u1EE5\\u1E73\\u0173\\u1E77\\u1E75\\u0289]","v":"[\\u0076\\u24E5\\uFF56\\u1E7D\\u1E7F\\u028B\\uA75F\\u028C]","vy":"[\\uA761]","w":"[\\u0077\\u24E6\\uFF57\\u1E81\\u1E83\\u0175\\u1E87\\u1E85\\u1E98\\u1E89\\u2C73]","x":"[\\u0078\\u24E7\\uFF58\\u1E8B\\u1E8D]","y":"[\\u0079\\u24E8\\uFF59\\u1EF3\\u00FD\\u0177\\u1EF9\\u0233\\u1E8F\\u00FF\\u1EF7\\u1E99\\u1EF5\\u01B4\\u024F\\u1EFF]","z":"[\\u007A\\u24E9\\uFF5A\\u017A\\u1E91\\u017C\\u017E\\u1E93\\u1E95\\u01B6\\u0225\\u0240\\u2C6C\\uA763]"},"researchesTests":["contentHasTOC","contentHasShortParagraphs","contentHasAssets","keywordInTitle","keywordInMetaDescription","keywordInPermalink","keywordIn10Percent","keywordInContent","keywordInSubheadings","keywordInImageAlt","keywordDensity","keywordNotUsed","lengthContent","lengthPermalink","linksHasInternal","linksHasExternals","linksNotAllExternals","titleStartWithKeyword","titleSentiment","titleHasPowerWords","titleHasNumber","hasContentAI"],"hasRedirection":false,"hasBreadcrumb":false},"homeUrl":"https:\/\/torrent.es\/va\/","objectID":12671,"objectType":"post","locale":"ca","localeFull":"ca_ES","overlayImages":{"play":{"name":"Play icon","url":"https:\/\/torrent.es\/wp-content\/plugins\/seo-by-rank-math\/assets\/admin\/img\/icon-play.png","path":"\/var\/www\/vhosts\/torrent.es\/httpdocs\/wp-content\/plugins\/seo-by-rank-math\/assets\/admin\/img\/icon-play.png","position":"middle_center"},"gif":{"name":"GIF icon","url":"https:\/\/torrent.es\/wp-content\/plugins\/seo-by-rank-math\/assets\/admin\/img\/icon-gif.png","path":"\/var\/www\/vhosts\/torrent.es\/httpdocs\/wp-content\/plugins\/seo-by-rank-math\/assets\/admin\/img\/icon-gif.png","position":"middle_center"}},"defautOgImage":"https:\/\/torrent.es\/wp-content\/plugins\/seo-by-rank-math\/assets\/admin\/img\/social-placeholder.jpg","customPermalinks":true,"isUserRegistered":false,"autoSuggestKeywords":false,"connectSiteUrl":"https:\/\/rankmath.com\/auth?site=https%3A%2F%2Ftorrent.es%2Fva%2F&r=https%3A%2F%2Ftorrent.es%2Fva%2Fwp-json%2Fwp%2Fv2%2Fpages%2F12671%3Fnonce%3D4b6dae775b","maxTags":5,"trendsIcon":"<svg viewBox=\"0 0 610 610\"><path d=\"M18.85,446,174.32,290.48l58.08,58.08L76.93,504a14.54,14.54,0,0,1-20.55,0L18.83,466.48a14.54,14.54,0,0,1,0-20.55Z\" style=\"fill:#4285f4\"\/><path d=\"M242.65,242.66,377.59,377.6l-47.75,47.75a14.54,14.54,0,0,1-20.55,0L174.37,290.43l47.75-47.75A14.52,14.52,0,0,1,242.65,242.66Z\" style=\"fill:#ea4335\"\/><polygon points=\"319.53 319.53 479.26 159.8 537.34 217.88 377.61 377.62 319.53 319.53\" style=\"fill:#fabb05\"\/><path d=\"M594.26,262.73V118.61h0a16.94,16.94,0,0,0-16.94-16.94H433.2a16.94,16.94,0,0,0-12,28.92L565.34,274.71h0a16.94,16.94,0,0,0,28.92-12Z\" style=\"fill:#34a853\"\/><rect width=\"610\" height=\"610\" style=\"fill:none\"\/><\/svg>","showScore":true,"siteFavIcon":"https:\/\/torrent.es\/wp-content\/uploads\/2022\/06\/cropped-Torren-logotipo-1-32x32.png","canUser":{"general":false,"advanced":false,"snippet":false,"social":false,"analysis":false,"analytics":false,"content_ai":false},"isPro":false,"is_front_page":false,"trendsUpgradeLink":"https:\/\/rankmath.com\/pricing\/?utm_source=Plugin&utm_medium=CE%20General%20Tab%20Trends&utm_campaign=WP","trendsUpgradeLabel":"Upgrade","trendsPreviewImage":"https:\/\/torrent.es\/wp-content\/plugins\/seo-by-rank-math\/assets\/admin\/img\/trends-preview.jpg","currentEditor":false,"homepageData":{"assessor":{"powerWords":[],"diacritics":true,"researchesTests":["contentHasTOC","contentHasShortParagraphs","contentHasAssets","keywordInTitle","keywordInMetaDescription","keywordInPermalink","keywordIn10Percent","keywordInContent","keywordInSubheadings","keywordInImageAlt","keywordDensity","keywordNotUsed","lengthContent","lengthPermalink","linksHasInternal","linksHasExternals","linksNotAllExternals","titleStartWithKeyword","titleSentiment","titleHasPowerWords","titleHasNumber","hasContentAI"],"hasBreadcrumb":false,"serpData":{"title":"%sitename% %page% %sep% %sitedesc%","description":"","titleTemplate":"%sitename% %page% %sep% %sitedesc%","descriptionTemplate":"","focusKeywords":"","breadcrumbTitle":"Home","robots":{"index":true},"advancedRobots":[],"facebookTitle":"","facebookDescription":"","facebookImage":"","facebookImageID":""}}},"tocTitle":"Table of Contents","tocExcludeHeadings":[],"listStyle":"ul"},"_links":{"self":[{"href":"https:\/\/torrent.es\/va\/wp-json\/wp\/v2\/pages\/12671","targetHints":{"allow":["GET"]}}],"collection":[{"href":"https:\/\/torrent.es\/va\/wp-json\/wp\/v2\/pages"}],"about":[{"href":"https:\/\/torrent.es\/va\/wp-json\/wp\/v2\/types\/page"}],"author":[{"embeddable":true,"href":"https:\/\/torrent.es\/va\/wp-json\/wp\/v2\/users\/1"}],"replies":[{"embeddable":true,"href":"https:\/\/torrent.es\/va\/wp-json\/wp\/v2\/comments?post=12671"}],"version-history":[{"count":0,"href":"https:\/\/torrent.es\/va\/wp-json\/wp\/v2\/pages\/12671\/revisions"}],"wp:attachment":[{"href":"https:\/\/torrent.es\/va\/wp-json\/wp\/v2\/media?parent=12671"}],"curies":[{"name":"wp","href":"https:\/\/api.w.org\/{rel}","templated":true}]}}